{"id":2744,"date":"2026-01-21T06:08:15","date_gmt":"2026-01-21T06:08:15","guid":{"rendered":"https:\/\/onlinememorable.shop\/?post_type=product&#038;p=2744"},"modified":"2026-01-21T06:13:35","modified_gmt":"2026-01-21T06:13:35","slug":"morcon-iberico-mencas-1-unidades-de-1100-1200-grs-envasada-al-vacio-sin-gluten","status":"publish","type":"product","link":"https:\/\/onlinememorable.shop\/es\/producto\/morcon-iberico-mencas-1-unidades-de-1100-1200-grs-envasada-al-vacio-sin-gluten\/","title":{"rendered":"MORC\u00d3N IB\u00c9RICO MENCAS (1 unidades de 1,100 \/ 1200 grs, envasada al vacio ) sin gluten"},"content":{"rendered":"<p><img fetchpriority=\"high\" decoding=\"async\" class=\"aligncenter\" src=\"https:\/\/onlinememorable.shop\/wp-content\/uploads\/2026\/01\/H3TBMQDQIQC2KAHZLX644E5V-1024x1024.webp\" sizes=\"(max-width: 800px) 100vw, 800px\" srcset=\"https:\/\/onlinememorable.shop\/wp-content\/uploads\/2026\/01\/H3TBMQDQIQC2KAHZLX644E5V-1024x1024.webp 1024w, https:\/\/onlinememorable.shop\/wp-content\/uploads\/2026\/01\/H3TBMQDQIQC2KAHZLX644E5V-300x300.webp 300w, https:\/\/onlinememorable.shop\/wp-content\/uploads\/2026\/01\/H3TBMQDQIQC2KAHZLX644E5V-150x150.webp 150w, https:\/\/onlinememorable.shop\/wp-content\/uploads\/2026\/01\/H3TBMQDQIQC2KAHZLX644E5V-768x768.webp 768w, https:\/\/onlinememorable.shop\/wp-content\/uploads\/2026\/01\/H3TBMQDQIQC2KAHZLX644E5V-600x600.webp 600w, https:\/\/onlinememorable.shop\/wp-content\/uploads\/2026\/01\/H3TBMQDQIQC2KAHZLX644E5V-100x100.webp 100w, https:\/\/onlinememorable.shop\/wp-content\/uploads\/2026\/01\/H3TBMQDQIQC2KAHZLX644E5V-50x50.webp 50w, https:\/\/onlinememorable.shop\/wp-content\/uploads\/2026\/01\/H3TBMQDQIQC2KAHZLX644E5V.webp 1200w\" alt=\"\" width=\"800\" height=\"800\" \/><br \/>\n<img decoding=\"async\" class=\"aligncenter\" src=\"https:\/\/onlinememorable.shop\/wp-content\/uploads\/2026\/01\/meatcut2_720x-1.webp\" sizes=\"(max-width: 720px) 100vw, 720px\" srcset=\"https:\/\/onlinememorable.shop\/wp-content\/uploads\/2026\/01\/meatcut2_720x-1.webp 720w, https:\/\/onlinememorable.shop\/wp-content\/uploads\/2026\/01\/meatcut2_720x-1-300x300.webp 300w, https:\/\/onlinememorable.shop\/wp-content\/uploads\/2026\/01\/meatcut2_720x-1-150x150.webp 150w, https:\/\/onlinememorable.shop\/wp-content\/uploads\/2026\/01\/meatcut2_720x-1-600x600.webp 600w, https:\/\/onlinememorable.shop\/wp-content\/uploads\/2026\/01\/meatcut2_720x-1-100x100.webp 100w, https:\/\/onlinememorable.shop\/wp-content\/uploads\/2026\/01\/meatcut2_720x-1-50x50.webp 50w\" alt=\"\" width=\"720\" height=\"720\" \/><br \/>\n<img decoding=\"async\" class=\"aligncenter\" src=\"https:\/\/onlinememorable.shop\/wp-content\/uploads\/2026\/01\/15473_1_-1.jpg\" sizes=\"(max-width: 800px) 100vw, 800px\" srcset=\"https:\/\/onlinememorable.shop\/wp-content\/uploads\/2026\/01\/15473_1_-1.jpg 900w, https:\/\/onlinememorable.shop\/wp-content\/uploads\/2026\/01\/15473_1_-1-300x300_1.jpg 300w, https:\/\/onlinememorable.shop\/wp-content\/uploads\/2026\/01\/15473_1_-1-150x150_1.jpg 150w, https:\/\/onlinememorable.shop\/wp-content\/uploads\/2026\/01\/15473_1_-1-768x768_1.jpg 768w, https:\/\/onlinememorable.shop\/wp-content\/uploads\/2026\/01\/15473_1_-1-600x600_1.jpg 600w, https:\/\/onlinememorable.shop\/wp-content\/uploads\/2026\/01\/15473_1_-1-100x100_1.jpg 100w, https:\/\/onlinememorable.shop\/wp-content\/uploads\/2026\/01\/15473_1_-1-50x50_1.jpg 50w\" alt=\"\" width=\"800\" height=\"800\" \/><br \/>\nSu proceso de curaci\u00f3n es lento y meticuloso, realizado en entornos controlados de temperatura y humedad, lo que permite que los sabores se desarrollen de forma gradual y profunda. El resultado es un embutido con una corteza fina y crujiente, y una carne jugosa, rojiza y marmoleada por la grasa ib\u00e9rica, que le confiere un sabor dulce y aterciopelado, sin grasa excesiva.<br \/>\nEl MORC\u00d3N IB\u00c9RICO MENCAS es vers\u00e1til en la cocina: se puede consumir directamente en rodajas finas como entrante o tapa, acompa\u00f1ado de pan integral (sin gluten), queso de cabra o frutos secos; tambi\u00e9n se puede integrar en platos cocinados como arroces, guisos o ensaladas, aportando un toque ib\u00e9rico \u00fanico y gourmet.<\/p>","protected":false},"excerpt":{"rendered":"<p>Su proceso de curaci\u00f3n es lento y meticuloso, realizado en entornos controlados de temperatura y humedad, lo que permite que los sabores se desarrollen de forma gradual y profunda. El resultado es un embutido con una corteza fina y crujiente, y una carne jugosa, rojiza y marmoleada por la grasa ib\u00e9rica, que le confiere un [&hellip;]<\/p>","protected":false},"featured_media":2745,"comment_status":"open","ping_status":"closed","template":"","meta":{"_acf_changed":false},"product_brand":[],"product_cat":[41],"product_tag":[],"class_list":{"0":"post-2744","1":"product","2":"type-product","3":"status-publish","4":"has-post-thumbnail","6":"product_cat-home-living","8":"first","9":"instock","10":"sale","11":"shipping-taxable","12":"purchasable","13":"product-type-simple"},"acf":[],"_links":{"self":[{"href":"https:\/\/onlinememorable.shop\/es\/wp-json\/wp\/v2\/product\/2744","targetHints":{"allow":["GET"]}}],"collection":[{"href":"https:\/\/onlinememorable.shop\/es\/wp-json\/wp\/v2\/product"}],"about":[{"href":"https:\/\/onlinememorable.shop\/es\/wp-json\/wp\/v2\/types\/product"}],"replies":[{"embeddable":true,"href":"https:\/\/onlinememorable.shop\/es\/wp-json\/wp\/v2\/comments?post=2744"}],"version-history":[{"count":2,"href":"https:\/\/onlinememorable.shop\/es\/wp-json\/wp\/v2\/product\/2744\/revisions"}],"predecessor-version":[{"id":2771,"href":"https:\/\/onlinememorable.shop\/es\/wp-json\/wp\/v2\/product\/2744\/revisions\/2771"}],"wp:featuredmedia":[{"embeddable":true,"href":"https:\/\/onlinememorable.shop\/es\/wp-json\/wp\/v2\/media\/2745"}],"wp:attachment":[{"href":"https:\/\/onlinememorable.shop\/es\/wp-json\/wp\/v2\/media?parent=2744"}],"wp:term":[{"taxonomy":"product_brand","embeddable":true,"href":"https:\/\/onlinememorable.shop\/es\/wp-json\/wp\/v2\/product_brand?post=2744"},{"taxonomy":"product_cat","embeddable":true,"href":"https:\/\/onlinememorable.shop\/es\/wp-json\/wp\/v2\/product_cat?post=2744"},{"taxonomy":"product_tag","embeddable":true,"href":"https:\/\/onlinememorable.shop\/es\/wp-json\/wp\/v2\/product_tag?post=2744"}],"curies":[{"name":"wp","href":"https:\/\/api.w.org\/{rel}","templated":true}]}}