{"id":2852,"date":"2026-02-02T05:44:09","date_gmt":"2026-02-02T05:44:09","guid":{"rendered":"https:\/\/onlinememorable.shop\/?post_type=product&#038;p=2852"},"modified":"2026-02-02T05:53:48","modified_gmt":"2026-02-02T05:53:48","slug":"toallitas-humedas-sin-alcohol-pack24x72-total-1728und-extrasuaves","status":"publish","type":"product","link":"https:\/\/onlinememorable.shop\/de\/produkt\/toallitas-humedas-sin-alcohol-pack24x72-total-1728und-extrasuaves\/","title":{"rendered":"Toallitas h\u00famedas SIN ALCOHOL, Pack24x72 ,total 1728und ,extrasuaves"},"content":{"rendered":"<p><img fetchpriority=\"high\" decoding=\"async\" class=\"alignnone size-full wp-image-16818 aligncenter\" src=\"https:\/\/teal-lobster-750471.hostingersite.com\/wp-content\/uploads\/2026\/01\/8.png\" alt=\"\" width=\"800\" height=\"800\" \/><\/p>\n<p style=\"text-align: center;\"><img decoding=\"async\" class=\"alignnone size-full wp-image-16819\" src=\"https:\/\/teal-lobster-750471.hostingersite.com\/wp-content\/uploads\/2026\/01\/9.png\" alt=\"\" width=\"800\" height=\"800\" \/><\/p>\n<p style=\"text-align: center;\"><img decoding=\"async\" class=\"alignnone size-full wp-image-16820\" src=\"https:\/\/teal-lobster-750471.hostingersite.com\/wp-content\/uploads\/2026\/01\/2-5.png\" alt=\"\" width=\"800\" height=\"800\" \/><\/p>\n<p style=\"text-align: center;\"><img loading=\"lazy\" decoding=\"async\" class=\"alignnone size-full wp-image-16821\" src=\"https:\/\/teal-lobster-750471.hostingersite.com\/wp-content\/uploads\/2026\/01\/3-5.png\" alt=\"\" width=\"800\" height=\"800\" \/><\/p>\n<p style=\"text-align: center;\"><img loading=\"lazy\" decoding=\"async\" class=\"alignnone size-full wp-image-16822\" src=\"https:\/\/teal-lobster-750471.hostingersite.com\/wp-content\/uploads\/2026\/01\/4-3.png\" alt=\"\" width=\"800\" height=\"800\" \/><\/p>\n<p style=\"text-align: center;\"><img loading=\"lazy\" decoding=\"async\" class=\"alignnone size-full wp-image-16823\" src=\"https:\/\/teal-lobster-750471.hostingersite.com\/wp-content\/uploads\/2026\/01\/5-6.png\" alt=\"\" width=\"800\" height=\"800\" \/><\/p>\n<p style=\"text-align: center;\"><img loading=\"lazy\" decoding=\"async\" class=\"alignnone size-full wp-image-16824\" src=\"https:\/\/teal-lobster-750471.hostingersite.com\/wp-content\/uploads\/2026\/01\/6-4.webp\" alt=\"\" width=\"140\" height=\"140\" \/><\/p>\n<p style=\"text-align: center;\"><img loading=\"lazy\" decoding=\"async\" class=\"alignnone size-full wp-image-16825\" src=\"https:\/\/teal-lobster-750471.hostingersite.com\/wp-content\/uploads\/2026\/01\/7-3.png\" alt=\"\" width=\"800\" height=\"800\" \/><\/p>\n<p style=\"text-align: center;\"><img loading=\"lazy\" decoding=\"async\" class=\"alignnone size-full wp-image-16827\" src=\"https:\/\/teal-lobster-750471.hostingersite.com\/wp-content\/uploads\/2026\/01\/11-2-scaled.png\" alt=\"\" width=\"763\" height=\"2560\" \/><\/p>\n<p style=\"text-align: center;\"><img loading=\"lazy\" decoding=\"async\" class=\"alignnone size-full wp-image-16828\" src=\"https:\/\/teal-lobster-750471.hostingersite.com\/wp-content\/uploads\/2026\/01\/22-2.png\" alt=\"\" width=\"790\" height=\"2203\" \/><\/p>\n<p><img loading=\"lazy\" decoding=\"async\" class=\"alignnone size-full wp-image-16829 aligncenter\" src=\"https:\/\/teal-lobster-750471.hostingersite.com\/wp-content\/uploads\/2026\/01\/33-2.png\" alt=\"\" width=\"790\" height=\"2271\" \/><\/p>\n<div class=\"elementor-widget-container\">\nInformationen zum Produkt<\/p>\n<div class=\"product-table\">\n<div class=\"product-row\">\n<div class=\"product-label\">Besondere Merkmale<\/div>\n<div class=\"product-value\">Sin alcohol, Limpieza profunda, Hidratante, Biodegradable, Uso multiprop\u00f3sito, Sin fragancia artificial<\/div>\n<\/div>\n<div class=\"product-row\">\n<div class=\"product-label\"><strong>Farbe<\/strong><\/div>\n<div class=\"product-value\"><strong>Blanco<\/strong><\/div>\n<\/div>\n<div class=\"product-row\">\n<div class=\"product-label\"><strong>Marca<\/strong><\/div>\n<div class=\"product-value\"><strong>COSTWAY<\/strong><\/div>\n<\/div>\n<div class=\"product-row\">\n<div class=\"product-label\"><strong>Dimensionen des Produkts<\/strong><\/div>\n<div class=\"product-value\"><strong>18x12x8 cm, Kompakte Bauweise<\/strong><\/div>\n<\/div>\n<div class=\"product-row\">\n<div class=\"product-label\"><strong>Gewicht des Artikels<\/strong><\/div>\n<div class=\"product-value\"><strong>450 Gramm<\/strong><\/div>\n<\/div>\n<div class=\"product-row\">\n<div class=\"product-label\"><strong>Eingeschlossene Komponenten<\/strong><\/div>\n<div class=\"product-value\"><strong>1 Packung Toallitas humedas sin alcohol (80 unidades), 1 Dispensador wiederverwendbar, 1 Manual de instrucciones (Espa\u00f1ol\/Ingl\u00e9s)<\/strong><\/div>\n<\/div>\n<div class=\"product-row\">\n<div class=\"product-label\"><strong>Fabricante<\/strong><\/div>\n<div class=\"product-value\"><strong>COSTWAY<\/strong><\/div>\n<\/div>\n<div class=\"product-row\">\n<div class=\"product-label\"><strong>ASIN<\/strong><\/div>\n<div class=\"product-value\"><strong>BOF6NM24WN<\/strong><\/div>\n<\/div>\n<div class=\"product-row\">\n<div class=\"product-label\"><strong>N\u00famero de modelo del producto<\/strong><\/div>\n<div class=\"product-value\"><strong>WET-80SA<\/strong><\/div>\n<\/div>\n<div class=\"product-row\">\n<div class=\"product-label\"><strong>Medienmeinung der Kunden<\/strong><\/div>\n<div class=\"product-value\"><strong>4.7 \u2605\u2605\u2605\u2605\u2605 (528) 4.7 de 5 estrellas<\/strong><\/div>\n<\/div>\n<div class=\"product-row\">\n<div class=\"product-label\"><strong>Clasificaci\u00f3n en los m\u00e1s vendidos de Amazon<\/strong><\/div>\n<div class=\"product-value\"><strong>n\u00ba568 en Hogar y Cocina n\u00ba9 en Toallitas Humedas para el Hogar<\/strong><\/div>\n<\/div>\n<div class=\"product-row\">\n<div class=\"product-label\"><strong>Producto en amazon.com desde<\/strong><\/div>\n<div class=\"product-value\"><strong>abril 28, 2025<\/strong><\/div>\n<\/div>\n<\/div>\n<style>\n.product-table {\nwidth: 100%;\nborder-top: 1px solid #000;\nfont-family: Arial, sans-serif;\n}\n\/* Toallitas humedas sin alcohol core\uff1aGrid\u5e03\u5c40\u66ff\u6362\u539fFlex\uff0c\u5b9a\u4f4d\u66f4\u7cbe\u51c6 *\/\n.product-row {\ndisplay: grid;\ngrid-template-columns: minmax(200px, 1fr) minmax(200px, 1fr);\ncolumn-gap: 20px;\nborder-bottom: 1px solid #000;\npadding: 12px 0;\n}\n.product-label {\nfont-weight: bold;\n}\n.product-value {\nword-wrap: break-word;\n}\n<\/style>","protected":false},"excerpt":{"rendered":"<p>Informaci\u00f3n del producto Caracter\u00edsticas especiales Sin alcohol, Limpieza profunda, Hidratante, Biodegradable, Uso multiprop\u00f3sito, Sin fragancia artificial Color Blanco Marca COSTWAY Dimensiones del producto 18x12x8 cm, Dise\u00f1o compacto Peso del art\u00edculo 450 Gramos Componentes incluidos 1 Paquete de toallitas humedas sin alcohol (80 unidades), 1 Dispensador reutilizable, 1 Manual de instrucciones (Espa\u00f1ol\/Ingl\u00e9s) Fabricante COSTWAY ASIN BOF6NM24WN [&hellip;]<\/p>","protected":false},"featured_media":2857,"comment_status":"open","ping_status":"closed","template":"","meta":{"_acf_changed":false},"product_brand":[],"product_cat":[35],"product_tag":[],"class_list":{"0":"post-2852","1":"product","2":"type-product","3":"status-publish","4":"has-post-thumbnail","6":"product_cat-sale","8":"first","9":"instock","10":"sale","11":"shipping-taxable","12":"purchasable","13":"product-type-variable","14":"has-default-attributes","15":"wvs-archive-product-wrapper"},"acf":[],"_links":{"self":[{"href":"https:\/\/onlinememorable.shop\/de\/wp-json\/wp\/v2\/product\/2852","targetHints":{"allow":["GET"]}}],"collection":[{"href":"https:\/\/onlinememorable.shop\/de\/wp-json\/wp\/v2\/product"}],"about":[{"href":"https:\/\/onlinememorable.shop\/de\/wp-json\/wp\/v2\/types\/product"}],"replies":[{"embeddable":true,"href":"https:\/\/onlinememorable.shop\/de\/wp-json\/wp\/v2\/comments?post=2852"}],"version-history":[{"count":1,"href":"https:\/\/onlinememorable.shop\/de\/wp-json\/wp\/v2\/product\/2852\/revisions"}],"predecessor-version":[{"id":2858,"href":"https:\/\/onlinememorable.shop\/de\/wp-json\/wp\/v2\/product\/2852\/revisions\/2858"}],"wp:featuredmedia":[{"embeddable":true,"href":"https:\/\/onlinememorable.shop\/de\/wp-json\/wp\/v2\/media\/2857"}],"wp:attachment":[{"href":"https:\/\/onlinememorable.shop\/de\/wp-json\/wp\/v2\/media?parent=2852"}],"wp:term":[{"taxonomy":"product_brand","embeddable":true,"href":"https:\/\/onlinememorable.shop\/de\/wp-json\/wp\/v2\/product_brand?post=2852"},{"taxonomy":"product_cat","embeddable":true,"href":"https:\/\/onlinememorable.shop\/de\/wp-json\/wp\/v2\/product_cat?post=2852"},{"taxonomy":"product_tag","embeddable":true,"href":"https:\/\/onlinememorable.shop\/de\/wp-json\/wp\/v2\/product_tag?post=2852"}],"curies":[{"name":"wp","href":"https:\/\/api.w.org\/{rel}","templated":true}]}}