{"id":642,"date":"2025-05-11T14:28:36","date_gmt":"2025-05-11T14:28:36","guid":{"rendered":"https:\/\/onlinememorable.shop\/?page_id=642"},"modified":"2025-08-02T14:39:22","modified_gmt":"2025-08-02T14:39:22","slug":"faqs","status":"publish","type":"page","link":"https:\/\/onlinememorable.shop\/de\/faqs\/","title":{"rendered":"FAQs"},"content":{"rendered":"<div data-elementor-type=\"wp-page\" data-elementor-id=\"642\" class=\"elementor elementor-642\" data-elementor-post-type=\"page\">\n\t\t\t\t<div class=\"elementor-element elementor-element-f2d8dc3 e-flex e-con-boxed e-con e-parent\" data-id=\"f2d8dc3\" data-element_type=\"container\" data-settings=\"{&quot;ekit_has_onepagescroll_dot&quot;:&quot;yes&quot;}\">\n\t\t\t\t\t<div class=\"e-con-inner\">\n\t\t\t\t<div class=\"elementor-element elementor-element-1fb792b elementor-widget elementor-widget-html\" data-id=\"1fb792b\" data-element_type=\"widget\" data-settings=\"{&quot;ekit_we_effect_on&quot;:&quot;none&quot;}\" data-widget_type=\"html.default\">\n\t\t\t\t<div class=\"elementor-widget-container\">\n\t\t\t\t\t<div class=\"orders-faq-section\">\r\n  <h2>Entdecken Sie die Welt durch Snacks!<\/h2>\r\n\r\n  <!-- FAQ 1 -->\r\n  <div class=\"faq-item\">\r\n    <h3>Kann ich die Artikel frei ausw\u00e4hlen?<\/h3>\r\n    <div class=\"faq-answer\">\r\n      Ja, alle Artikel stehen Ihnen zur individuellen Auswahl nach Ihren pers\u00f6nlichen Vorlieben zur Verf\u00fcgung.\r\n    <\/div>\r\n  <\/div>\r\n\r\n  <!-- FAQ 2 -->\r\n  <div class=\"faq-item\">\r\n    <h3>Werden Produktdetails regelm\u00e4\u00dfig aktualisiert?<\/h3>\r\n    <div class=\"faq-answer\">\r\n      Ja, die Artikelinformationen werden nach Bedarf aktualisiert, um Genauigkeit und Relevanz sicherzustellen.\r\n    <\/div>\r\n  <\/div>\r\n\r\n  <!-- FAQ 3 -->\r\n  <div class=\"faq-item\">\r\n    <h3>Ist eine Lieferung m\u00f6glich?<\/h3>\r\n    <div class=\"faq-answer\">\r\n      Ja, es sind Lieferoptionen verf\u00fcgbar. Weitere Informationen finden Sie in den Anweisungen vor Ort oder online.\r\n    <\/div>\r\n  <\/div>\r\n\r\n  <!-- FAQ 4 -->\r\n  <div class=\"faq-item\">\r\n    <h3>Wird eine pers\u00f6nliche Abholung unterst\u00fctzt?<\/h3>\r\n    <div class=\"faq-answer\">\r\n      Die Abholung ist an ausgew\u00e4hlten Standorten m\u00f6glich. Je nach Verf\u00fcgbarkeit k\u00f6nnen Sie die entsprechende Option ausw\u00e4hlen.\r\n    <\/div>\r\n  <\/div>\r\n\r\n  <!-- FAQ 5 -->\r\n  <div class=\"faq-item\">\r\n    <h3>Welche Zahlungsmethoden werden akzeptiert?<\/h3>\r\n    <div class=\"faq-answer\">\r\n      Es werden mehrere g\u00e4ngige Zahlungsmethoden unterst\u00fctzt. Bitte folgen Sie den an der Kasse angegebenen Zahlungsoptionen.\r\n    <\/div>\r\n  <\/div>\r\n\r\n  <!-- FAQ 6 -->\r\n  <div class=\"faq-item\">\r\n    <h3>Kann ich eine Rechnung anfordern?<\/h3>\r\n    <div class=\"faq-answer\">\r\n      Ja, bei Bedarf k\u00f6nnen Rechnungen zum Zeitpunkt der Zahlung angefordert werden.\r\n    <\/div>\r\n  <\/div>\r\n\r\n  <!-- FAQ 7 -->\r\n  <div class=\"faq-item\">\r\n    <h3>Kann ich einen Artikel zur\u00fcckgeben oder umtauschen, wenn ich nicht zufrieden bin?<\/h3>\r\n    <div class=\"faq-answer\">\r\n      Bei Problemen wenden Sie sich bitte an unsere Mitarbeiter oder den Kundenservice. Wir helfen Ihnen gerne weiter.\r\n    <\/div>\r\n  <\/div>\r\n\r\n  <!-- FAQ 8 -->\r\n  <div class=\"faq-item\">\r\n    <h3>Wie erreiche ich den Kundenservice oder die Mitarbeiter?<\/h3>\r\n    <div class=\"faq-answer\">\r\n      Sie erreichen uns \u00fcber den Helpdesk, die Kundenhotline oder \u00fcber die Online-Serviceplattform.\r\n    <\/div>\r\n  <\/div>\r\n<\/div>\r\n\t\t\t\t<\/div>\n\t\t\t\t<\/div>\n\t\t\t\t\t<\/div>\n\t\t\t\t<\/div>\n\t\t\t\t<\/div>","protected":false},"excerpt":{"rendered":"<p>Explore the World Through Snacks! Can I choose items freely? Yes, all items are available for individual selection based on your personal preferences. Are product details updated regularly? Yes, item information is updated as needed to ensure accuracy and relevance. Is delivery available? Yes, delivery options are available. Please refer to on-site or online instructions [&hellip;]<\/p>","protected":false},"author":1,"featured_media":0,"parent":0,"menu_order":0,"comment_status":"closed","ping_status":"closed","template":"","meta":{"_acf_changed":false,"footnotes":""},"class_list":["post-642","page","type-page","status-publish","hentry"],"acf":[],"_hostinger_reach_plugin_has_subscription_block":false,"_hostinger_reach_plugin_is_elementor":false,"_links":{"self":[{"href":"https:\/\/onlinememorable.shop\/de\/wp-json\/wp\/v2\/pages\/642","targetHints":{"allow":["GET"]}}],"collection":[{"href":"https:\/\/onlinememorable.shop\/de\/wp-json\/wp\/v2\/pages"}],"about":[{"href":"https:\/\/onlinememorable.shop\/de\/wp-json\/wp\/v2\/types\/page"}],"author":[{"embeddable":true,"href":"https:\/\/onlinememorable.shop\/de\/wp-json\/wp\/v2\/users\/1"}],"replies":[{"embeddable":true,"href":"https:\/\/onlinememorable.shop\/de\/wp-json\/wp\/v2\/comments?post=642"}],"version-history":[{"count":13,"href":"https:\/\/onlinememorable.shop\/de\/wp-json\/wp\/v2\/pages\/642\/revisions"}],"predecessor-version":[{"id":1738,"href":"https:\/\/onlinememorable.shop\/de\/wp-json\/wp\/v2\/pages\/642\/revisions\/1738"}],"wp:attachment":[{"href":"https:\/\/onlinememorable.shop\/de\/wp-json\/wp\/v2\/media?parent=642"}],"curies":[{"name":"wp","href":"https:\/\/api.w.org\/{rel}","templated":true}]}}